{"id":1904,"date":"2023-05-31T06:06:15","date_gmt":"2023-05-31T06:06:15","guid":{"rendered":"http:\/\/www.studentsgowest.com\/?page_id=1904"},"modified":"2023-05-31T06:06:16","modified_gmt":"2023-05-31T06:06:16","slug":"nutzungsbedingungen","status":"publish","type":"page","link":"https:\/\/www.studentsgowest.com\/en\/nutzungsbedingungen\/","title":{"rendered":"Terms of Use"},"content":{"rendered":"<h2 class=\"wp-block-heading\">Nutzungsbedingungen des Web-Auftrittes von Students Go West<\/h2>\n\n\n\n<p>Die Nutzung der Websites von&nbsp;<a href=\"https:\/\/www.studentsgowest.com\/en\/\">www.studentsgowest.com<\/a>&nbsp;erfolgt auf eigene Gefahr und Risiko, ebenso kann keine Gew\u00e4hr auf st\u00e4ndige Verf\u00fcgbarkeit gew\u00e4hrleistet werden.&nbsp;<strong>Students Go West<\/strong>&nbsp;\u00fcbernimmt f\u00fcr die ver\u00f6ffentlichten Beitr\u00e4ge, Angebote, Dienstleistungen und Services keine Gew\u00e4hr auf Richtigkeit, Vollst\u00e4ndigkeit und Funktionalit\u00e4t.<\/p>\n\n\n\n<p>Bei Nutzung einer unsere Online-Dienste (z.B. FAQ) erkl\u00e4ren Sie sich einverstanden, dass die angegeben Daten f\u00fcr firmeninterne Marketingzwecke gespeichert und verwendet werden (z.B. Zusendung von Unternehmensinformationen in digitaler Form) Diese Daten werden nicht an Dritte weitergegeben. Bitte lesen Sie auch diesbez\u00fcglich unsere Datenschutzbestimmungen.<\/p>\n\n\n\n<h2 class=\"wp-block-heading\">Haftung \u00fcber Inhalt und Verlinkungen<\/h2>\n\n\n\n<p>Bei Verlinkungen auf weitere Online-Angebote \u00fcbernimmt&nbsp;<strong>Students Go West&nbsp;<\/strong>keine Haftung \u00fcber den Inhalt, der Funktionalit\u00e4t und Verf\u00fcgbarkeit der Websites. Dies gilt auch bei allen anderen direkten oder indirekten Verweisen oder Verlinkungen auf fremde Internetangebote.<\/p>","protected":false},"excerpt":{"rendered":"<p>Nutzungsbedingungen des Web-Auftrittes von Students Go West Die Nutzung der Websites von&nbsp;www.studentsgowest.com&nbsp;erfolgt auf eigene Gefahr und Risiko, ebenso kann keine Gew\u00e4hr auf st\u00e4ndige Verf\u00fcgbarkeit gew\u00e4hrleistet werden.&nbsp;Students Go West&nbsp;\u00fcbernimmt f\u00fcr die ver\u00f6ffentlichten Beitr\u00e4ge, Angebote, Dienstleistungen und Services keine Gew\u00e4hr auf Richtigkeit, Vollst\u00e4ndigkeit und Funktionalit\u00e4t. Bei Nutzung einer unsere Online-Dienste (z.B. FAQ) erkl\u00e4ren Sie sich einverstanden, dass [&hellip;]<\/p>\n","protected":false},"author":1,"featured_media":0,"parent":0,"menu_order":0,"comment_status":"closed","ping_status":"closed","template":"","meta":{"footnotes":""},"class_list":["post-1904","page","type-page","status-publish","hentry"],"_links":{"self":[{"href":"https:\/\/www.studentsgowest.com\/en\/wp-json\/wp\/v2\/pages\/1904","targetHints":{"allow":["GET"]}}],"collection":[{"href":"https:\/\/www.studentsgowest.com\/en\/wp-json\/wp\/v2\/pages"}],"about":[{"href":"https:\/\/www.studentsgowest.com\/en\/wp-json\/wp\/v2\/types\/page"}],"author":[{"embeddable":true,"href":"https:\/\/www.studentsgowest.com\/en\/wp-json\/wp\/v2\/users\/1"}],"replies":[{"embeddable":true,"href":"https:\/\/www.studentsgowest.com\/en\/wp-json\/wp\/v2\/comments?post=1904"}],"version-history":[{"count":1,"href":"https:\/\/www.studentsgowest.com\/en\/wp-json\/wp\/v2\/pages\/1904\/revisions"}],"predecessor-version":[{"id":1905,"href":"https:\/\/www.studentsgowest.com\/en\/wp-json\/wp\/v2\/pages\/1904\/revisions\/1905"}],"wp:attachment":[{"href":"https:\/\/www.studentsgowest.com\/en\/wp-json\/wp\/v2\/media?parent=1904"}],"curies":[{"name":"wp","href":"https:\/\/api.w.org\/{rel}","templated":true}]}}